{"id":4123,"date":"2025-03-14T21:04:14","date_gmt":"2025-03-14T20:04:14","guid":{"rendered":"https:\/\/www.simplyyoga.ch\/?page_id=4123"},"modified":"2025-06-01T16:19:48","modified_gmt":"2025-06-01T14:19:48","slug":"zahlung","status":"publish","type":"page","link":"https:\/\/www.simplyyoga.ch\/?page_id=4123","title":{"rendered":"Zahlung"},"content":{"rendered":"\n<h3 class=\"wp-block-heading\">BANKVERBINDUNG<br \/><br \/><span style=\"font-family: arial, helvetica, sans-serif; font-size: 14pt; color: #99cc00;\"><a href=\"https:\/\/www.simplyyoga.ch\/?page_id=3139\">QR-RECHNUNG (EINZAHLUNGSSCHEIN)<\/a><\/span><br \/><\/h3>\n\n\n\n<p class=\"is-style-default\">IBAN: CH17 0079 0042 4847 3010 6 &#8211; Franziska Anderegg, 4562 Biberist &#8211; Berner Kantonalbank AG, 3001 Bern &#8211; PC-Konto 30-106-9<br \/><\/p>\n\n\n\n<h3 class=\"wp-block-heading\">TWINT<\/h3>\n\n\n\n<p>\u00dcber den unten angezeigten Twint Button oder direkt im Yogastudio \u00fcber den QR-Code<\/p>\n\n\n\n<button style=\"width: auto; height: 58px; border-radius: 6px; display: flex; justify-content: center; cursor: pointer; background-color: transparent; border: none; align-items: center;\" onclick=\"window.open('https:\/\/go.twint.ch\/1\/e\/tw?tw=acq.jue_wqMASPuMXjNVW50lQrfz0SsjuwLXBa5CI8WyQmzCQLUjjrnq5M6p3YHSwLqe.', '_blank')\"> <img decoding=\"async\" style=\"width: auto; height: 58px\" alt=\"Embedded TWINT button\" src=\"https:\/\/go.twint.ch\/static\/img\/button_dark_en.svg\"\/><\/button>\n\n\n\n<h3 class=\"wp-block-heading\"><br \/>BARZAHLUNG IM STUDIO<\/h3>\n\n\n\n<p>Bitte den Betrag m\u00f6glichst genau mitbringen! Es hat nur wenig Wechselgeld im Studio.<\/p>\n\n\n\n<h3 class=\"wp-block-heading\">RATENZAHLUNG<\/h3>\n\n\n\n<p>Ratenzahlung f\u00fcr Abos auf Anfrage. Keine Ratenzahlung f\u00fcr Workshops und Specials.<\/p>\n","protected":false},"excerpt":{"rendered":"<p>BANKVERBINDUNG QR-RECHNUNG (EINZAHLUNGSSCHEIN) IBAN: CH17 0079 0042 4847 3010 6 &#8211; Franziska Anderegg, 4562 Biberist &#8211; Berner Kantonalbank AG, 3001 Bern &#8211; PC-Konto 30-106-9 TWINT \u00dcber den unten angezeigten Twint Button oder direkt im Yogastudio \u00fcber den QR-Code BARZAHLUNG IM STUDIO Bitte den Betrag m\u00f6glichst genau mitbringen! Es hat nur wenig Wechselgeld im Studio. RATENZAHLUNG [&hellip;]<\/p>\n","protected":false},"author":1,"featured_media":0,"parent":0,"menu_order":0,"comment_status":"closed","ping_status":"closed","template":"","meta":{"footnotes":""},"class_list":["post-4123","page","type-page","status-publish","hentry"],"_links":{"self":[{"href":"https:\/\/www.simplyyoga.ch\/index.php?rest_route=\/wp\/v2\/pages\/4123","targetHints":{"allow":["GET"]}}],"collection":[{"href":"https:\/\/www.simplyyoga.ch\/index.php?rest_route=\/wp\/v2\/pages"}],"about":[{"href":"https:\/\/www.simplyyoga.ch\/index.php?rest_route=\/wp\/v2\/types\/page"}],"author":[{"embeddable":true,"href":"https:\/\/www.simplyyoga.ch\/index.php?rest_route=\/wp\/v2\/users\/1"}],"replies":[{"embeddable":true,"href":"https:\/\/www.simplyyoga.ch\/index.php?rest_route=%2Fwp%2Fv2%2Fcomments&post=4123"}],"version-history":[{"count":5,"href":"https:\/\/www.simplyyoga.ch\/index.php?rest_route=\/wp\/v2\/pages\/4123\/revisions"}],"predecessor-version":[{"id":4287,"href":"https:\/\/www.simplyyoga.ch\/index.php?rest_route=\/wp\/v2\/pages\/4123\/revisions\/4287"}],"wp:attachment":[{"href":"https:\/\/www.simplyyoga.ch\/index.php?rest_route=%2Fwp%2Fv2%2Fmedia&parent=4123"}],"curies":[{"name":"wp","href":"https:\/\/api.w.org\/{rel}","templated":true}]}}