{"id":4631,"date":"2026-01-04T17:11:03","date_gmt":"2026-01-04T16:11:03","guid":{"rendered":"https:\/\/www.simplyyoga.ch\/?page_id=4631"},"modified":"2026-01-04T18:36:08","modified_gmt":"2026-01-04T17:36:08","slug":"newsletter","status":"publish","type":"page","link":"https:\/\/www.simplyyoga.ch\/?page_id=4631","title":{"rendered":"NEWSLETTER"},"content":{"rendered":"  \n  \n  <div class=\"\n    mailpoet_form_popup_overlay\n      \"><\/div>\n  <div\n    id=\"mailpoet_form_1\"\n    class=\"\n      mailpoet_form\n      mailpoet_form_html\n      mailpoet_form_position_\n      mailpoet_form_animation_\n    \"\n      >\n\n    <style type=\"text\/css\">\n     #mailpoet_form_1 .mailpoet_form {  }\n#mailpoet_form_1 form { margin-bottom: 0; }\n#mailpoet_form_1 p.mailpoet_form_paragraph.last { margin-bottom: 0px; }\n#mailpoet_form_1 h2.mailpoet-heading { margin: -10px 0 10px 0; }\n#mailpoet_form_1 .mailpoet_column_with_background { padding: 10px; }\n#mailpoet_form_1 .mailpoet_form_column:not(:first-child) { margin-left: 20px; }\n#mailpoet_form_1 .mailpoet_paragraph { line-height: 20px; margin-bottom: 20px; }\n#mailpoet_form_1 .mailpoet_segment_label, #mailpoet_form_1 .mailpoet_text_label, #mailpoet_form_1 .mailpoet_textarea_label, #mailpoet_form_1 .mailpoet_select_label, #mailpoet_form_1 .mailpoet_radio_label, #mailpoet_form_1 .mailpoet_checkbox_label, #mailpoet_form_1 .mailpoet_list_label, #mailpoet_form_1 .mailpoet_date_label { display: block; font-weight: normal; }\n#mailpoet_form_1 .mailpoet_text, #mailpoet_form_1 .mailpoet_textarea, #mailpoet_form_1 .mailpoet_select, #mailpoet_form_1 .mailpoet_date_month, #mailpoet_form_1 .mailpoet_date_day, #mailpoet_form_1 .mailpoet_date_year, #mailpoet_form_1 .mailpoet_date { display: block; }\n#mailpoet_form_1 .mailpoet_text, #mailpoet_form_1 .mailpoet_textarea { width: 200px; }\n#mailpoet_form_1 .mailpoet_checkbox {  }\n#mailpoet_form_1 .mailpoet_submit {  }\n#mailpoet_form_1 .mailpoet_divider {  }\n#mailpoet_form_1 .mailpoet_message {  }\n#mailpoet_form_1 .mailpoet_form_loading { width: 30px; text-align: center; line-height: normal; }\n#mailpoet_form_1 .mailpoet_form_loading > span { width: 5px; height: 5px; background-color: #5b5b5b; }#mailpoet_form_1{border-radius: 24px;background: linear-gradient(135deg,rgb(202,248,128) 0%,rgb(113,206,126) 100%);color: #ffffff;text-align: left;}#mailpoet_form_1 form.mailpoet_form {padding: 40px;}#mailpoet_form_1{width: 100%;}#mailpoet_form_1 .mailpoet_message {margin: 0; padding: 0 20px;}\n        #mailpoet_form_1 .mailpoet_validate_success {color: #00d084}\n        #mailpoet_form_1 input.parsley-success {color: #00d084}\n        #mailpoet_form_1 select.parsley-success {color: #00d084}\n        #mailpoet_form_1 textarea.parsley-success {color: #00d084}\n      \n        #mailpoet_form_1 .mailpoet_validate_error {color: #cf2e2e}\n        #mailpoet_form_1 input.parsley-error {color: #cf2e2e}\n        #mailpoet_form_1 select.parsley-error {color: #cf2e2e}\n        #mailpoet_form_1 textarea.textarea.parsley-error {color: #cf2e2e}\n        #mailpoet_form_1 .parsley-errors-list {color: #cf2e2e}\n        #mailpoet_form_1 .parsley-required {color: #cf2e2e}\n        #mailpoet_form_1 .parsley-custom-error-message {color: #cf2e2e}\n      #mailpoet_form_1 .mailpoet_paragraph.last {margin-bottom: 0} @media (max-width: 500px) {#mailpoet_form_1 {background: linear-gradient(135deg,rgb(202,248,128) 0%,rgb(113,206,126) 100%);}} @media (min-width: 500px) {#mailpoet_form_1 .last .mailpoet_paragraph:last-child {margin-bottom: 0}}  @media (max-width: 500px) {#mailpoet_form_1 .mailpoet_form_column:last-child .mailpoet_paragraph:last-child {margin-bottom: 0}} \n    <\/style>\n\n    <form\n      target=\"_self\"\n      method=\"post\"\n      action=\"https:\/\/www.simplyyoga.ch\/wp-admin\/admin-post.php?action=mailpoet_subscription_form\"\n      class=\"mailpoet_form mailpoet_form_form mailpoet_form_html\"\n      novalidate\n      data-delay=\"\"\n      data-exit-intent-enabled=\"\"\n      data-font-family=\"\"\n      data-cookie-expiration-time=\"\"\n    >\n      <input type=\"hidden\" name=\"data[form_id]\" value=\"1\" \/>\n      <input type=\"hidden\" name=\"token\" value=\"9c9d8b1574\" \/>\n      <input type=\"hidden\" name=\"api_version\" value=\"v1\" \/>\n      <input type=\"hidden\" name=\"endpoint\" value=\"subscribers\" \/>\n      <input type=\"hidden\" name=\"mailpoet_method\" value=\"subscribe\" \/>\n\n      <label class=\"mailpoet_hp_email_label\" style=\"display: none !important;\">Bitte dieses Feld leer lassen<input type=\"email\" name=\"data[email]\"\/><\/label><h2 class=\"mailpoet-heading  mailpoet-has-font-size\" style=\"text-align: center; color: #ffffff; font-size: 50px; line-height: 1\"><strong><span style=\"font-family: Concert One\" data-font=\"Concert One\" class=\"mailpoet-has-font\">BLEIB IN VERBINDUNG!<\/span><\/strong><\/h2>\n<p class=\"mailpoet_form_paragraph  mailpoet-has-font-size\" style=\"text-align: center; color: #ffffff; font-size: 20px; line-height: 1\">Ich schreibe dir, wenn es etwas Neues gibt \u2013 Kurse, Angebote oder Gedanken aus dem Studio.<br>Nicht oft. Aber ehrlich.<\/p>\n<div class=\"mailpoet_paragraph \"><style>input[name=\"data[form_field_YTE3YmU3Y2VjYjU2X2ZpcnN0X25hbWU=]\"]::placeholder{color:#5b8ba7;opacity: 1;}<\/style><input type=\"text\" autocomplete=\"given-name\" class=\"mailpoet_text\" id=\"form_first_name_1\" name=\"data[form_field_YTE3YmU3Y2VjYjU2X2ZpcnN0X25hbWU=]\" title=\"Wie ist dein Name?\" value=\"\" style=\"width:100%;box-sizing:border-box;background-color:#ffffff;border-style:solid;border-radius:4px !important;border-width:0px;padding:12px;margin: 0 auto 0 0;font-family:&#039;Ubuntu&#039;;font-size:20px;line-height:1.5;height:auto;color:#5b8ba7;\" data-automation-id=\"form_first_name\"  placeholder=\"Wie ist dein Name?\" aria-label=\"Wie ist dein Name?\" data-parsley-errors-container=\".mailpoet_error_1tssm\" data-parsley-names='[&quot;Bitte gib einen g\u00fcltigen Namen an.&quot;,&quot;Adressen in Namen sind nicht erlaubt, bitte f\u00fcge stattdessen deinen Namen hinzu.&quot;]'\/><span class=\"mailpoet_error_1tssm\"><\/span><\/div>\n<div class=\"mailpoet_paragraph \"><style>input[name=\"data[form_field_N2M1NWU5MDNkZmZlX2xhc3RfbmFtZQ==]\"]::placeholder{color:#5b8ba7;opacity: 1;}<\/style><input type=\"text\" autocomplete=\"family-name\" class=\"mailpoet_text\" id=\"form_last_name_1\" name=\"data[form_field_N2M1NWU5MDNkZmZlX2xhc3RfbmFtZQ==]\" title=\"Und dein Nachname?\" value=\"\" style=\"width:100%;box-sizing:border-box;background-color:#ffffff;border-style:solid;border-radius:4px !important;border-width:0px;padding:12px;margin: 0 auto 0 0;font-family:&#039;Ubuntu&#039;;font-size:20px;line-height:1.5;height:auto;color:#5b8ba7;\" data-automation-id=\"form_last_name\"  placeholder=\"Und dein Nachname?\" aria-label=\"Und dein Nachname?\" data-parsley-errors-container=\".mailpoet_error_1lcgd\" data-parsley-names='[&quot;Bitte gib einen g\u00fcltigen Namen an.&quot;,&quot;Adressen in Namen sind nicht erlaubt, bitte f\u00fcge stattdessen deinen Namen hinzu.&quot;]'\/><span class=\"mailpoet_error_1lcgd\"><\/span><\/div>\n<div class=\"mailpoet_paragraph \"><style>input[name=\"data[form_field_YmM2NGU1MzlhOTNkX2VtYWls]\"]::placeholder{color:#5b8ba7;opacity: 1;}<\/style><input type=\"email\" autocomplete=\"email\" class=\"mailpoet_text\" id=\"form_email_1\" name=\"data[form_field_YmM2NGU1MzlhOTNkX2VtYWls]\" title=\"E-Mail-Adresse\" value=\"\" style=\"width:100%;box-sizing:border-box;background-color:#ffffff;border-style:solid;border-radius:4px !important;border-width:0px;padding:12px;margin: 0 auto 0 0;font-family:&#039;Ubuntu&#039;;font-size:20px;line-height:1.5;height:auto;color:#5b8ba7;\" data-automation-id=\"form_email\"  placeholder=\"E-Mail-Adresse *\" aria-label=\"E-Mail-Adresse *\" data-parsley-errors-container=\".mailpoet_error_lundo\" data-parsley-required=\"true\" required aria-required=\"true\" data-parsley-minlength=\"6\" data-parsley-maxlength=\"150\" data-parsley-type-message=\"Dieser Wert sollte eine g\u00fcltige E-Mail-Adresse sein.\" data-parsley-required-message=\"Dieses Feld wird ben\u00f6tigt.\"\/><span class=\"mailpoet_error_lundo\"><\/span><\/div>\n<div class=\"mailpoet_recaptcha\" data-sitekey=\"6Le6HEAsAAAAAN1VQ5_iCNesBydyACRrPVVSp5JH\" >\n      <div class=\"mailpoet_recaptcha_container\"><\/div>\n      <noscript>\n        <div>\n          <div class=\"mailpoet_recaptcha_noscript_container\">\n            <div>\n              <iframe src=\"https:\/\/www.google.com\/recaptcha\/api\/fallback?k=6Le6HEAsAAAAAN1VQ5_iCNesBydyACRrPVVSp5JH\" frameborder=\"0\" scrolling=\"no\">\n              <\/iframe>\n            <\/div>\n          <\/div>\n          <div class=\"mailpoet_recaptcha_noscript_input\">\n            <textarea id=\"g-recaptcha-response\" name=\"data[recaptcha]\" class=\"g-recaptcha-response\">\n            <\/textarea>\n          <\/div>\n        <\/div>\n      <\/noscript>\n      <input class=\"mailpoet_recaptcha_field\" type=\"hidden\" name=\"recaptchaWidgetId\">\n    <\/div><div class=\"parsley-errors-list parsley-required mailpoet_error_recaptcha\">Dieses Feld wird ben\u00f6tigt.<\/div><div class=\"mailpoet_paragraph \"><input type=\"submit\" class=\"mailpoet_submit\" value=\"Jetzt anmelden\" data-automation-id=\"subscribe-submit-button\" data-font-family='Ubuntu' style=\"width:100%;box-sizing:border-box;background-color:#ff6900;border-style:solid;border-radius:40px !important;border-width:0px;padding:12px;margin: 0 auto 0 0;font-family:&#039;Ubuntu&#039;;font-size:24px;line-height:1.5;height:auto;color:#ffffff;border-color:transparent;font-weight:bold;\" \/><span class=\"mailpoet_form_loading\"><span class=\"mailpoet_bounce1\"><\/span><span class=\"mailpoet_bounce2\"><\/span><span class=\"mailpoet_bounce3\"><\/span><\/span><\/div>\n<p class=\"mailpoet_form_paragraph  mailpoet-has-font-size\" style=\"text-align: center; font-size: 14px; line-height: 1.2\"><strong>Mit der Anmeldung erkl\u00e4re ich mich einverstanden,<br>den simply-yoga-Newsletter zu erhalten<br>und best\u00e4tige, dass ich die Datenschutzerkl\u00e4rung gelesen habe.<\/strong><br><span style=\"font-family: Concert One\" data-font=\"Concert One\" class=\"mailpoet-has-font\"><a href=\"https:\/\/www.simplyyoga.ch\/?page_id=4408\" target=\"_blank\">Datenschutzerkl\u00e4rung<\/a>.<\/span><\/p>\n\n      <div class=\"mailpoet_message\">\n        <p class=\"mailpoet_validate_success\"\n                style=\"display:none;\"\n                >Danke.\nDu erh\u00e4ltst in K\u00fcrze eine E-Mail zur Best\u00e4tigung deiner Anmeldung.\n        <\/p>\n        <p class=\"mailpoet_validate_error\"\n                style=\"display:none;\"\n                >        <\/p>\n      <\/div>\n    <\/form>\n\n      <\/div>\n\n  ","protected":false},"excerpt":{"rendered":"","protected":false},"author":1,"featured_media":0,"parent":0,"menu_order":0,"comment_status":"closed","ping_status":"closed","template":"","meta":{"footnotes":""},"class_list":["post-4631","page","type-page","status-publish","hentry"],"_links":{"self":[{"href":"https:\/\/www.simplyyoga.ch\/index.php?rest_route=\/wp\/v2\/pages\/4631","targetHints":{"allow":["GET"]}}],"collection":[{"href":"https:\/\/www.simplyyoga.ch\/index.php?rest_route=\/wp\/v2\/pages"}],"about":[{"href":"https:\/\/www.simplyyoga.ch\/index.php?rest_route=\/wp\/v2\/types\/page"}],"author":[{"embeddable":true,"href":"https:\/\/www.simplyyoga.ch\/index.php?rest_route=\/wp\/v2\/users\/1"}],"replies":[{"embeddable":true,"href":"https:\/\/www.simplyyoga.ch\/index.php?rest_route=%2Fwp%2Fv2%2Fcomments&post=4631"}],"version-history":[{"count":2,"href":"https:\/\/www.simplyyoga.ch\/index.php?rest_route=\/wp\/v2\/pages\/4631\/revisions"}],"predecessor-version":[{"id":4635,"href":"https:\/\/www.simplyyoga.ch\/index.php?rest_route=\/wp\/v2\/pages\/4631\/revisions\/4635"}],"wp:attachment":[{"href":"https:\/\/www.simplyyoga.ch\/index.php?rest_route=%2Fwp%2Fv2%2Fmedia&parent=4631"}],"curies":[{"name":"wp","href":"https:\/\/api.w.org\/{rel}","templated":true}]}}